{"id":2902,"date":"2024-09-10T07:46:08","date_gmt":"2024-09-10T14:46:08","guid":{"rendered":"https:\/\/licorne7.work\/contact\/"},"modified":"2024-10-29T08:26:18","modified_gmt":"2024-10-29T15:26:18","slug":"contactez-nous","status":"publish","type":"page","link":"https:\/\/licorne7.work\/fr-ca\/contactez-nous\/","title":{"rendered":"Contactez-nous"},"content":{"rendered":"\t\t<div data-elementor-type=\"wp-page\" data-elementor-id=\"2902\" class=\"elementor elementor-2902 elementor-832\" data-elementor-post-type=\"page\">\n\t\t\t\t<div class=\"elementor-element elementor-element-6d63637 contact-form-wrap e-flex e-con-boxed e-con e-parent\" data-id=\"6d63637\" data-element_type=\"container\">\n\t\t\t\t\t<div class=\"e-con-inner\">\n\t\t<div class=\"elementor-element elementor-element-b662012 e-con-full e-flex e-con e-child\" data-id=\"b662012\" data-element_type=\"container\">\n\t\t\t\t<div class=\"elementor-element elementor-element-608469c elementor-widget elementor-widget-heading\" data-id=\"608469c\" data-element_type=\"widget\" data-widget_type=\"heading.default\">\n\t\t\t\t<div class=\"elementor-widget-container\">\n\t\t\t<h1 class=\"elementor-heading-title elementor-size-default\">Prenez contact<\/h1>\t\t<\/div>\n\t\t\t\t<\/div>\n\t\t\t\t<div class=\"elementor-element elementor-element-8d4ccc9 elementor-widget__width-initial elementor-widget-tablet__width-inherit elementor-widget elementor-widget-text-editor\" data-id=\"8d4ccc9\" data-element_type=\"widget\" data-widget_type=\"text-editor.default\">\n\t\t\t\t<div class=\"elementor-widget-container\">\n\t\t\t\t\t\t\t<p>Contactez Studio L7 pour tous vos besoins en photographie. Nous sommes l\u00e0 pour capturer vos moments sp\u00e9ciaux et les transformer en souvenirs durables. Contactez-nous par email ou par t\u00e9l\u00e9phone pour planifier une s\u00e9ance ou vous renseigner sur nos services. Nous avons h\u00e2te de vous entendre !<\/p>\t\t\t\t\t\t<\/div>\n\t\t\t\t<\/div>\n\t\t<div class=\"elementor-element elementor-element-b435697 e-con-full e-flex e-con e-child\" data-id=\"b435697\" data-element_type=\"container\">\n\t\t\t\t<div class=\"elementor-element elementor-element-23045a8 elementor-widget elementor-widget-heading\" data-id=\"23045a8\" data-element_type=\"widget\" data-widget_type=\"heading.default\">\n\t\t\t\t<div class=\"elementor-widget-container\">\n\t\t\t<h4 class=\"elementor-heading-title elementor-size-default\">T\u00e9l\u00e9phone<\/h4>\t\t<\/div>\n\t\t\t\t<\/div>\n\t\t\t\t<div class=\"elementor-element elementor-element-ce437d6 elementor-widget elementor-widget-heading\" data-id=\"ce437d6\" data-element_type=\"widget\" data-widget_type=\"heading.default\">\n\t\t\t\t<div class=\"elementor-widget-container\">\n\t\t\t<h3 class=\"elementor-heading-title elementor-size-default\"><a href=\"tel:+14384096625\">+1 438 409 6625\u00a0<\/a><\/h3>\t\t<\/div>\n\t\t\t\t<\/div>\n\t\t\t\t<\/div>\n\t\t<div class=\"elementor-element elementor-element-5668652 e-con-full e-flex e-con e-child\" data-id=\"5668652\" data-element_type=\"container\">\n\t\t\t\t<div class=\"elementor-element elementor-element-342c086 elementor-widget elementor-widget-heading\" data-id=\"342c086\" data-element_type=\"widget\" data-widget_type=\"heading.default\">\n\t\t\t\t<div class=\"elementor-widget-container\">\n\t\t\t<h4 class=\"elementor-heading-title elementor-size-default\">Courriel\n<\/h4>\t\t<\/div>\n\t\t\t\t<\/div>\n\t\t\t\t<div class=\"elementor-element elementor-element-6f1d341 elementor-widget elementor-widget-heading\" data-id=\"6f1d341\" data-element_type=\"widget\" data-widget_type=\"heading.default\">\n\t\t\t\t<div class=\"elementor-widget-container\">\n\t\t\t<h3 class=\"elementor-heading-title elementor-size-default\"><a href=\"mailto:studiolicorne7@gmail.com%20\">studiolicorne7@gmail.com <\/a><\/h3>\t\t<\/div>\n\t\t\t\t<\/div>\n\t\t\t\t<\/div>\n\t\t<div class=\"elementor-element elementor-element-3b4693c e-con-full elementor-hidden-desktop elementor-hidden-tablet elementor-hidden-mobile e-flex e-con e-child\" data-id=\"3b4693c\" data-element_type=\"container\">\n\t\t\t\t<div class=\"elementor-element elementor-element-ed9a338 elementor-widget elementor-widget-heading\" data-id=\"ed9a338\" data-element_type=\"widget\" data-widget_type=\"heading.default\">\n\t\t\t\t<div class=\"elementor-widget-container\">\n\t\t\t<h4 class=\"elementor-heading-title elementor-size-default\">address<\/h4>\t\t<\/div>\n\t\t\t\t<\/div>\n\t\t\t\t<div class=\"elementor-element elementor-element-0946dbb elementor-widget elementor-widget-heading\" data-id=\"0946dbb\" data-element_type=\"widget\" data-widget_type=\"heading.default\">\n\t\t\t\t<div class=\"elementor-widget-container\">\n\t\t\t<h3 class=\"elementor-heading-title elementor-size-default\"><a href=\"#\">Montreal<\/a><\/h3>\t\t<\/div>\n\t\t\t\t<\/div>\n\t\t\t\t<\/div>\n\t\t\t\t<\/div>\n\t\t<div class=\"elementor-element elementor-element-8119a55 e-con-full e-flex e-con e-child\" data-id=\"8119a55\" data-element_type=\"container\">\n\t\t\t\t<div class=\"elementor-element elementor-element-181dcb5 elementor-button-align-start elementor-widget elementor-widget-form\" data-id=\"181dcb5\" data-element_type=\"widget\" data-settings=\"{&quot;step_next_label&quot;:&quot;Next&quot;,&quot;step_previous_label&quot;:&quot;Previous&quot;,&quot;button_width&quot;:&quot;100&quot;,&quot;step_type&quot;:&quot;number_text&quot;,&quot;step_icon_shape&quot;:&quot;circle&quot;}\" data-widget_type=\"form.default\">\n\t\t\t\t<div class=\"elementor-widget-container\">\n\t\t\t\t\t<form class=\"elementor-form\" method=\"post\" name=\"New Form\">\n\t\t\t<input type=\"hidden\" name=\"post_id\" value=\"2902\"\/>\n\t\t\t<input type=\"hidden\" name=\"form_id\" value=\"181dcb5\"\/>\n\t\t\t<input type=\"hidden\" name=\"referer_title\" value=\"Studio L7\" \/>\n\n\t\t\t\n\t\t\t<div class=\"elementor-form-fields-wrapper elementor-labels-above\">\n\t\t\t\t\t\t\t\t<div class=\"elementor-field-type-text elementor-field-group elementor-column elementor-field-group-name elementor-col-100\">\n\t\t\t\t\t\t\t\t\t\t\t\t<label for=\"form-field-name\" class=\"elementor-field-label\">\n\t\t\t\t\t\t\t\tNOM\t\t\t\t\t\t\t<\/label>\n\t\t\t\t\t\t\t\t\t\t\t\t\t\t<input size=\"1\" type=\"text\" name=\"form_fields[name]\" id=\"form-field-name\" class=\"elementor-field elementor-size-sm  elementor-field-textual\" placeholder=\"NOM\">\n\t\t\t\t\t\t\t\t\t\t\t<\/div>\n\t\t\t\t\t\t\t\t<div class=\"elementor-field-type-email elementor-field-group elementor-column elementor-field-group-email elementor-col-100 elementor-field-required\">\n\t\t\t\t\t\t\t\t\t\t\t\t<label for=\"form-field-email\" class=\"elementor-field-label\">\n\t\t\t\t\t\t\t\tCourriel\t\t\t\t\t\t\t<\/label>\n\t\t\t\t\t\t\t\t\t\t\t\t\t\t<input size=\"1\" type=\"email\" name=\"form_fields[email]\" id=\"form-field-email\" class=\"elementor-field elementor-size-sm  elementor-field-textual\" placeholder=\"Courriel\" required=\"required\" aria-required=\"true\">\n\t\t\t\t\t\t\t\t\t\t\t<\/div>\n\t\t\t\t\t\t\t\t<div class=\"elementor-field-type-tel elementor-field-group elementor-column elementor-field-group-field_ef3d7ea elementor-col-100 elementor-field-required\">\n\t\t\t\t\t\t\t\t\t\t\t\t<label for=\"form-field-field_ef3d7ea\" class=\"elementor-field-label\">\n\t\t\t\t\t\t\t\tT\u00e9l\u00e9phone\t\t\t\t\t\t\t<\/label>\n\t\t\t\t\t\t\t\t<input size=\"1\" type=\"tel\" name=\"form_fields[field_ef3d7ea]\" id=\"form-field-field_ef3d7ea\" class=\"elementor-field elementor-size-sm  elementor-field-textual\" placeholder=\"T\u00e9l\u00e9phone\" required=\"required\" aria-required=\"true\" pattern=\"[0-9()#&amp;+*-=.]+\" title=\"Seuls les caract\u00e8res de num\u00e9ros de t\u00e9l\u00e9phone (#, -, *, etc.) sont accept\u00e9s.\">\n\n\t\t\t\t\t\t<\/div>\n\t\t\t\t\t\t\t\t<div class=\"elementor-field-type-select elementor-field-group elementor-column elementor-field-group-message elementor-col-100\">\n\t\t\t\t\t\t\t\t\t\t\t\t<label for=\"form-field-message\" class=\"elementor-field-label\">\n\t\t\t\t\t\t\t\tR\u00e9ponse courte *\t\t\t\t\t\t\t<\/label>\n\t\t\t\t\t\t\t\t<div class=\"elementor-field elementor-select-wrapper remove-before \">\n\t\t\t<div class=\"select-caret-down-wrapper\">\n\t\t\t\t<i aria-hidden=\"true\" class=\"eicon-caret-down\"><\/i>\t\t\t<\/div>\n\t\t\t<select name=\"form_fields[message]\" id=\"form-field-message\" class=\"elementor-field-textual elementor-size-sm\">\n\t\t\t\t\t\t\t\t\t<option value=\"S\u00e9lectionnez-en un *\">S\u00e9lectionnez-en un *<\/option>\n\t\t\t\t\t\t\t\t\t<option value=\"Photographie de pr\u00e9-mariage\">Photographie de pr\u00e9-mariage<\/option>\n\t\t\t\t\t\t\t\t\t<option value=\"Photographie de mariage\">Photographie de mariage<\/option>\n\t\t\t\t\t\t\t\t\t<option value=\"Photographie de famille\">Photographie de famille<\/option>\n\t\t\t\t\t\t\t\t\t<option value=\"Photographie d&#039;\u00e9v\u00e9nements d&#039;entreprise\">Photographie d&#039;\u00e9v\u00e9nements d&#039;entreprise<\/option>\n\t\t\t\t\t\t\t\t\t<option value=\"Photographie de b\u00e9b\u00e9 et nouveau-n\u00e9\">Photographie de b\u00e9b\u00e9 et nouveau-n\u00e9<\/option>\n\t\t\t\t\t\t\t\t\t<option value=\"Photographie de produits commerciaux\">Photographie de produits commerciaux<\/option>\n\t\t\t\t\t\t\t\t\t<option value=\"Photographie de maternit\u00e9\">Photographie de maternit\u00e9<\/option>\n\t\t\t\t\t\t\t\t\t<option value=\"Photographie immobili\u00e8re\">Photographie immobili\u00e8re<\/option>\n\t\t\t\t\t\t\t\t\t<option value=\"Photographie de portrait\">Photographie de portrait<\/option>\n\t\t\t\t\t\t\t<\/select>\n\t\t<\/div>\n\t\t\t\t\t\t<\/div>\n\t\t\t\t\t\t\t\t<div class=\"elementor-field-type-textarea elementor-field-group elementor-column elementor-field-group-field_9694f7f elementor-col-100\">\n\t\t\t\t\t\t\t\t\t\t\t\t<label for=\"form-field-field_9694f7f\" class=\"elementor-field-label\">\n\t\t\t\t\t\t\t\tCommentaire\t\t\t\t\t\t\t<\/label>\n\t\t\t\t\t\t<textarea class=\"elementor-field-textual elementor-field  elementor-size-sm\" name=\"form_fields[field_9694f7f]\" id=\"form-field-field_9694f7f\" rows=\"5\" placeholder=\"Commentaire\"><\/textarea>\t\t\t\t<\/div>\n\t\t\t\t\t\t\t\t<div class=\"elementor-field-group elementor-column elementor-field-type-submit elementor-col-100 e-form__buttons\">\n\t\t\t\t\t<button class=\"elementor-button elementor-size-sm\" type=\"submit\">\n\t\t\t\t\t\t<span class=\"elementor-button-content-wrapper\">\n\t\t\t\t\t\t\t\t\t\t\t\t\t\t\t\t\t\t\t\t\t\t<span class=\"elementor-button-text\">Soumettre<\/span>\n\t\t\t\t\t\t\t\t\t\t\t\t\t<\/span>\n\t\t\t\t\t<\/button>\n\t\t\t\t<\/div>\n\t\t\t<\/div>\n\t\t<input\n                    class=\"apbct_special_field apbct_email_id__elementor_form\"\n                    name=\"apbct__email_id__elementor_form\"\n                    aria-label=\"apbct__label_id__elementor_form\"\n                    type=\"text\" size=\"30\" maxlength=\"200\" autocomplete=\"off\"\n                    value=\"\"\n                \/><\/form>\n\t\t\t\t<\/div>\n\t\t\t\t<\/div>\n\t\t\t\t<\/div>\n\t\t\t\t\t<\/div>\n\t\t\t\t<\/div>\n\t\t\t\t<\/div>\n\t\t","protected":false},"excerpt":{"rendered":"<p>Prenez contact Contactez Studio L7 pour tous vos besoins en photographie. Nous sommes l\u00e0 pour capturer vos moments sp\u00e9ciaux et les transformer en souvenirs durables. Contactez-nous par email ou par t\u00e9l\u00e9phone pour planifier une s\u00e9ance ou vous renseigner sur nos services. Nous avons h\u00e2te de vous entendre ! T\u00e9l\u00e9phone +1 438 409 6625\u00a0 Courriel studiolicorne7@gmail.com [&hellip;]<\/p>\n","protected":false},"author":2,"featured_media":0,"parent":0,"menu_order":0,"comment_status":"closed","ping_status":"closed","template":"","meta":{"footnotes":""},"class_list":["post-2902","page","type-page","status-publish","hentry"],"yoast_head":"<!-- This site is optimized with the Yoast SEO plugin v23.4 - https:\/\/yoast.com\/wordpress\/plugins\/seo\/ -->\n<title>Contactez-nous - Studio L7<\/title>\n<meta name=\"robots\" content=\"index, follow, max-snippet:-1, max-image-preview:large, max-video-preview:-1\" \/>\n<link rel=\"canonical\" href=\"https:\/\/licorne7.work\/fr-ca\/contactez-nous\/\" \/>\n<meta property=\"og:locale\" content=\"fr_CA\" \/>\n<meta property=\"og:type\" content=\"article\" \/>\n<meta property=\"og:title\" content=\"Contactez-nous - Studio L7\" \/>\n<meta property=\"og:description\" content=\"Prenez contact Contactez Studio L7 pour tous vos besoins en photographie. Nous sommes l\u00e0 pour capturer vos moments sp\u00e9ciaux et les transformer en souvenirs durables. Contactez-nous par email ou par t\u00e9l\u00e9phone pour planifier une s\u00e9ance ou vous renseigner sur nos services. Nous avons h\u00e2te de vous entendre ! T\u00e9l\u00e9phone +1 438 409 6625\u00a0 Courriel studiolicorne7@gmail.com [&hellip;]\" \/>\n<meta property=\"og:url\" content=\"https:\/\/licorne7.work\/fr-ca\/contactez-nous\/\" \/>\n<meta property=\"og:site_name\" content=\"Studio L7\" \/>\n<meta property=\"article:modified_time\" content=\"2024-10-29T15:26:18+00:00\" \/>\n<meta name=\"twitter:card\" content=\"summary_large_image\" \/>\n<meta name=\"twitter:label1\" content=\"Estimation du temps de lecture\" \/>\n\t<meta name=\"twitter:data1\" content=\"1 minute\" \/>\n<script type=\"application\/ld+json\" class=\"yoast-schema-graph\">{\"@context\":\"https:\/\/schema.org\",\"@graph\":[{\"@type\":\"WebPage\",\"@id\":\"https:\/\/licorne7.work\/fr-ca\/contactez-nous\/\",\"url\":\"https:\/\/licorne7.work\/fr-ca\/contactez-nous\/\",\"name\":\"Contactez-nous - Studio L7\",\"isPartOf\":{\"@id\":\"https:\/\/licorne7.work\/fr-ca\/#website\"},\"datePublished\":\"2024-09-10T14:46:08+00:00\",\"dateModified\":\"2024-10-29T15:26:18+00:00\",\"breadcrumb\":{\"@id\":\"https:\/\/licorne7.work\/fr-ca\/contactez-nous\/#breadcrumb\"},\"inLanguage\":\"fr-CA\",\"potentialAction\":[{\"@type\":\"ReadAction\",\"target\":[\"https:\/\/licorne7.work\/fr-ca\/contactez-nous\/\"]}]},{\"@type\":\"BreadcrumbList\",\"@id\":\"https:\/\/licorne7.work\/fr-ca\/contactez-nous\/#breadcrumb\",\"itemListElement\":[{\"@type\":\"ListItem\",\"position\":1,\"name\":\"Home\",\"item\":\"https:\/\/licorne7.work\/fr-ca\/\"},{\"@type\":\"ListItem\",\"position\":2,\"name\":\"Contactez-nous\"}]},{\"@type\":\"WebSite\",\"@id\":\"https:\/\/licorne7.work\/fr-ca\/#website\",\"url\":\"https:\/\/licorne7.work\/fr-ca\/\",\"name\":\"Studio L7\",\"description\":\"\",\"publisher\":{\"@id\":\"https:\/\/licorne7.work\/fr-ca\/#organization\"},\"potentialAction\":[{\"@type\":\"SearchAction\",\"target\":{\"@type\":\"EntryPoint\",\"urlTemplate\":\"https:\/\/licorne7.work\/fr-ca\/?s={search_term_string}\"},\"query-input\":{\"@type\":\"PropertyValueSpecification\",\"valueRequired\":true,\"valueName\":\"search_term_string\"}}],\"inLanguage\":\"fr-CA\"},{\"@type\":\"Organization\",\"@id\":\"https:\/\/licorne7.work\/fr-ca\/#organization\",\"name\":\"Studio L7\",\"url\":\"https:\/\/licorne7.work\/fr-ca\/\",\"logo\":{\"@type\":\"ImageObject\",\"inLanguage\":\"fr-CA\",\"@id\":\"https:\/\/licorne7.work\/fr-ca\/#\/schema\/logo\/image\/\",\"url\":\"https:\/\/licorne7.work\/wp-content\/uploads\/2024\/09\/footer-logo.svg\",\"contentUrl\":\"https:\/\/licorne7.work\/wp-content\/uploads\/2024\/09\/footer-logo.svg\",\"width\":151,\"height\":127,\"caption\":\"Studio L7\"},\"image\":{\"@id\":\"https:\/\/licorne7.work\/fr-ca\/#\/schema\/logo\/image\/\"}}]}<\/script>\n<!-- \/ Yoast SEO plugin. -->","yoast_head_json":{"title":"Contactez-nous - Studio L7","robots":{"index":"index","follow":"follow","max-snippet":"max-snippet:-1","max-image-preview":"max-image-preview:large","max-video-preview":"max-video-preview:-1"},"canonical":"https:\/\/licorne7.work\/fr-ca\/contactez-nous\/","og_locale":"fr_CA","og_type":"article","og_title":"Contactez-nous - Studio L7","og_description":"Prenez contact Contactez Studio L7 pour tous vos besoins en photographie. Nous sommes l\u00e0 pour capturer vos moments sp\u00e9ciaux et les transformer en souvenirs durables. Contactez-nous par email ou par t\u00e9l\u00e9phone pour planifier une s\u00e9ance ou vous renseigner sur nos services. Nous avons h\u00e2te de vous entendre ! T\u00e9l\u00e9phone +1 438 409 6625\u00a0 Courriel studiolicorne7@gmail.com [&hellip;]","og_url":"https:\/\/licorne7.work\/fr-ca\/contactez-nous\/","og_site_name":"Studio L7","article_modified_time":"2024-10-29T15:26:18+00:00","twitter_card":"summary_large_image","twitter_misc":{"Estimation du temps de lecture":"1 minute"},"schema":{"@context":"https:\/\/schema.org","@graph":[{"@type":"WebPage","@id":"https:\/\/licorne7.work\/fr-ca\/contactez-nous\/","url":"https:\/\/licorne7.work\/fr-ca\/contactez-nous\/","name":"Contactez-nous - Studio L7","isPartOf":{"@id":"https:\/\/licorne7.work\/fr-ca\/#website"},"datePublished":"2024-09-10T14:46:08+00:00","dateModified":"2024-10-29T15:26:18+00:00","breadcrumb":{"@id":"https:\/\/licorne7.work\/fr-ca\/contactez-nous\/#breadcrumb"},"inLanguage":"fr-CA","potentialAction":[{"@type":"ReadAction","target":["https:\/\/licorne7.work\/fr-ca\/contactez-nous\/"]}]},{"@type":"BreadcrumbList","@id":"https:\/\/licorne7.work\/fr-ca\/contactez-nous\/#breadcrumb","itemListElement":[{"@type":"ListItem","position":1,"name":"Home","item":"https:\/\/licorne7.work\/fr-ca\/"},{"@type":"ListItem","position":2,"name":"Contactez-nous"}]},{"@type":"WebSite","@id":"https:\/\/licorne7.work\/fr-ca\/#website","url":"https:\/\/licorne7.work\/fr-ca\/","name":"Studio L7","description":"","publisher":{"@id":"https:\/\/licorne7.work\/fr-ca\/#organization"},"potentialAction":[{"@type":"SearchAction","target":{"@type":"EntryPoint","urlTemplate":"https:\/\/licorne7.work\/fr-ca\/?s={search_term_string}"},"query-input":{"@type":"PropertyValueSpecification","valueRequired":true,"valueName":"search_term_string"}}],"inLanguage":"fr-CA"},{"@type":"Organization","@id":"https:\/\/licorne7.work\/fr-ca\/#organization","name":"Studio L7","url":"https:\/\/licorne7.work\/fr-ca\/","logo":{"@type":"ImageObject","inLanguage":"fr-CA","@id":"https:\/\/licorne7.work\/fr-ca\/#\/schema\/logo\/image\/","url":"https:\/\/licorne7.work\/wp-content\/uploads\/2024\/09\/footer-logo.svg","contentUrl":"https:\/\/licorne7.work\/wp-content\/uploads\/2024\/09\/footer-logo.svg","width":151,"height":127,"caption":"Studio L7"},"image":{"@id":"https:\/\/licorne7.work\/fr-ca\/#\/schema\/logo\/image\/"}}]}},"_links":{"self":[{"href":"https:\/\/licorne7.work\/fr-ca\/wp-json\/wp\/v2\/pages\/2902"}],"collection":[{"href":"https:\/\/licorne7.work\/fr-ca\/wp-json\/wp\/v2\/pages"}],"about":[{"href":"https:\/\/licorne7.work\/fr-ca\/wp-json\/wp\/v2\/types\/page"}],"author":[{"embeddable":true,"href":"https:\/\/licorne7.work\/fr-ca\/wp-json\/wp\/v2\/users\/2"}],"replies":[{"embeddable":true,"href":"https:\/\/licorne7.work\/fr-ca\/wp-json\/wp\/v2\/comments?post=2902"}],"version-history":[{"count":8,"href":"https:\/\/licorne7.work\/fr-ca\/wp-json\/wp\/v2\/pages\/2902\/revisions"}],"predecessor-version":[{"id":3074,"href":"https:\/\/licorne7.work\/fr-ca\/wp-json\/wp\/v2\/pages\/2902\/revisions\/3074"}],"wp:attachment":[{"href":"https:\/\/licorne7.work\/fr-ca\/wp-json\/wp\/v2\/media?parent=2902"}],"curies":[{"name":"wp","href":"https:\/\/api.w.org\/{rel}","templated":true}]}}